{"id":1632,"date":"2022-10-05T12:43:51","date_gmt":"2022-10-05T17:43:51","guid":{"rendered":"https:\/\/tcipartnerslatam.com\/?page_id=1632"},"modified":"2024-08-18T15:48:08","modified_gmt":"2024-08-18T20:48:08","slug":"practice-area-4","status":"publish","type":"page","link":"https:\/\/tcipartnerslatam.com\/es\/practice-area-4\/","title":{"rendered":"Practice area 4"},"content":{"rendered":"<div data-elementor-type=\"wp-page\" data-elementor-id=\"1632\" class=\"elementor elementor-1632\" data-elementor-post-type=\"page\">\n\t\t\t\t\t\t<section class=\"elementor-section elementor-top-section elementor-element elementor-element-216a98ec elementor-section-boxed elementor-section-height-default elementor-section-height-default\" data-id=\"216a98ec\" data-element_type=\"section\" data-e-type=\"section\" data-settings=\"{&quot;background_background&quot;:&quot;gradient&quot;,&quot;shape_divider_bottom&quot;:&quot;triangle-asymmetrical&quot;,&quot;shape_divider_bottom_negative&quot;:&quot;yes&quot;}\">\n\t\t\t\t\t\t\t<div class=\"elementor-background-overlay\"><\/div>\n\t\t\t\t\t\t<div class=\"elementor-shape elementor-shape-bottom\" aria-hidden=\"true\" data-negative=\"true\">\n\t\t\t<svg xmlns=\"http:\/\/www.w3.org\/2000\/svg\" viewbox=\"0 0 1000 100\" preserveaspectratio=\"none\">\n\t<path class=\"elementor-shape-fill\" d=\"M737.9,94.7L0,0v100h1000V0L737.9,94.7z\"\/>\n<\/svg>\t\t<\/div>\n\t\t\t\t\t<div class=\"elementor-container elementor-column-gap-default\">\n\t\t\t\t\t<div class=\"elementor-column elementor-col-50 elementor-top-column elementor-element elementor-element-1160f73b\" data-id=\"1160f73b\" data-element_type=\"column\" data-e-type=\"column\">\n\t\t\t<div class=\"elementor-widget-wrap elementor-element-populated\">\n\t\t\t\t\t\t<div class=\"elementor-element elementor-element-7ed1dcc8 elementor-invisible elementor-widget elementor-widget-heading\" data-id=\"7ed1dcc8\" data-element_type=\"widget\" data-e-type=\"widget\" data-settings=\"{&quot;_animation&quot;:&quot;fadeInLeft&quot;}\" data-widget_type=\"heading.default\">\n\t\t\t\t<div class=\"elementor-widget-container\">\n\t\t\t\t\t<h1 class=\"elementor-heading-title elementor-size-default\">Practice Area 4<\/h1>\t\t\t\t<\/div>\n\t\t\t\t<\/div>\n\t\t\t\t\t<\/div>\n\t\t<\/div>\n\t\t\t\t<div class=\"elementor-column elementor-col-50 elementor-top-column elementor-element elementor-element-3ada1cec\" data-id=\"3ada1cec\" data-element_type=\"column\" data-e-type=\"column\">\n\t\t\t<div class=\"elementor-widget-wrap elementor-element-populated\">\n\t\t\t\t\t\t<div class=\"elementor-element elementor-element-3e04a0bf elementor-widget elementor-widget-text-editor\" data-id=\"3e04a0bf\" data-element_type=\"widget\" data-e-type=\"widget\" data-settings=\"{&quot;_animation&quot;:&quot;none&quot;}\" data-widget_type=\"text-editor.default\">\n\t\t\t\t<div class=\"elementor-widget-container\">\n\t\t\t\t\t\t\t\t\t<p>Practice area.<\/p>\t\t\t\t\t\t\t\t<\/div>\n\t\t\t\t<\/div>\n\t\t\t\t\t<\/div>\n\t\t<\/div>\n\t\t\t\t\t<\/div>\n\t\t<\/section>\n\t\t\t\t<section class=\"elementor-section elementor-top-section elementor-element elementor-element-7c4c0b9 elementor-section-boxed elementor-section-height-default elementor-section-height-default\" data-id=\"7c4c0b9\" data-element_type=\"section\" data-e-type=\"section\">\n\t\t\t\t\t\t<div class=\"elementor-container elementor-column-gap-default\">\n\t\t\t\t\t<div class=\"elementor-column elementor-col-50 elementor-top-column elementor-element elementor-element-587f9f60\" data-id=\"587f9f60\" data-element_type=\"column\" data-e-type=\"column\">\n\t\t\t<div class=\"elementor-widget-wrap elementor-element-populated\">\n\t\t\t\t\t\t<div class=\"elementor-element elementor-element-7b28af6e elementor-widget elementor-widget-heading\" data-id=\"7b28af6e\" data-element_type=\"widget\" data-e-type=\"widget\" data-widget_type=\"heading.default\">\n\t\t\t\t<div class=\"elementor-widget-container\">\n\t\t\t\t\t<h2 class=\"elementor-heading-title elementor-size-default\">Introductory text<\/h2>\t\t\t\t<\/div>\n\t\t\t\t<\/div>\n\t\t\t\t<div class=\"elementor-element elementor-element-6cdc7413 elementor-widget elementor-widget-spacer\" data-id=\"6cdc7413\" data-element_type=\"widget\" data-e-type=\"widget\" data-widget_type=\"spacer.default\">\n\t\t\t\t<div class=\"elementor-widget-container\">\n\t\t\t\t\t\t\t<div class=\"elementor-spacer\">\n\t\t\t<div class=\"elementor-spacer-inner\"><\/div>\n\t\t<\/div>\n\t\t\t\t\t\t<\/div>\n\t\t\t\t<\/div>\n\t\t\t\t<div class=\"elementor-element elementor-element-a093eb4 elementor-widget elementor-widget-text-editor\" data-id=\"a093eb4\" data-element_type=\"widget\" data-e-type=\"widget\" data-widget_type=\"text-editor.default\">\n\t\t\t\t<div class=\"elementor-widget-container\">\n\t\t\t\t\t\t\t\t\t<p>Make IP your most valuable asset providing the protection\u00a0\u00a0<\/p>\t\t\t\t\t\t\t\t<\/div>\n\t\t\t\t<\/div>\n\t\t\t\t\t<\/div>\n\t\t<\/div>\n\t\t\t\t<div class=\"elementor-column elementor-col-50 elementor-top-column elementor-element elementor-element-18f8cc99 elementor-invisible\" data-id=\"18f8cc99\" data-element_type=\"column\" data-e-type=\"column\" data-settings=\"{&quot;animation&quot;:&quot;fadeInRight&quot;}\">\n\t\t\t<div class=\"elementor-widget-wrap elementor-element-populated\">\n\t\t\t\t\t\t<div class=\"elementor-element elementor-element-46a287c2 elementor-view-default elementor-widget elementor-widget-icon\" data-id=\"46a287c2\" data-element_type=\"widget\" data-e-type=\"widget\" data-widget_type=\"icon.default\">\n\t\t\t\t<div class=\"elementor-widget-container\">\n\t\t\t\t\t\t\t<div class=\"elementor-icon-wrapper\">\n\t\t\t<div class=\"elementor-icon\">\n\t\t\t<i aria-hidden=\"true\" class=\"fas fa-quote-left\"><\/i>\t\t\t<\/div>\n\t\t<\/div>\n\t\t\t\t\t\t<\/div>\n\t\t\t\t<\/div>\n\t\t\t\t<div class=\"elementor-element elementor-element-76528292 elementor-widget elementor-widget-heading\" data-id=\"76528292\" data-element_type=\"widget\" data-e-type=\"widget\" data-widget_type=\"heading.default\">\n\t\t\t\t<div class=\"elementor-widget-container\">\n\t\t\t\t\t<h4 class=\"elementor-heading-title elementor-size-default\">quuote from client or opinion from partner<\/h4>\t\t\t\t<\/div>\n\t\t\t\t<\/div>\n\t\t\t\t<div class=\"elementor-element elementor-element-6eb5e1f6 elementor-view-default elementor-widget elementor-widget-icon\" data-id=\"6eb5e1f6\" data-element_type=\"widget\" data-e-type=\"widget\" data-widget_type=\"icon.default\">\n\t\t\t\t<div class=\"elementor-widget-container\">\n\t\t\t\t\t\t\t<div class=\"elementor-icon-wrapper\">\n\t\t\t<div class=\"elementor-icon\">\n\t\t\t<i aria-hidden=\"true\" class=\"fas fa-quote-right\"><\/i>\t\t\t<\/div>\n\t\t<\/div>\n\t\t\t\t\t\t<\/div>\n\t\t\t\t<\/div>\n\t\t\t\t\t<\/div>\n\t\t<\/div>\n\t\t\t\t\t<\/div>\n\t\t<\/section>\n\t\t\t\t<section class=\"elementor-section elementor-top-section elementor-element elementor-element-3ec0a2b7 elementor-section-boxed elementor-section-height-default elementor-section-height-default\" data-id=\"3ec0a2b7\" data-element_type=\"section\" data-e-type=\"section\" data-settings=\"{&quot;background_background&quot;:&quot;gradient&quot;,&quot;shape_divider_top&quot;:&quot;triangle-asymmetrical&quot;,&quot;shape_divider_top_negative&quot;:&quot;yes&quot;,&quot;shape_divider_bottom&quot;:&quot;triangle-asymmetrical&quot;}\">\n\t\t\t\t\t\t\t<div class=\"elementor-background-overlay\"><\/div>\n\t\t\t\t\t\t<div class=\"elementor-shape elementor-shape-top\" aria-hidden=\"true\" data-negative=\"true\">\n\t\t\t<svg xmlns=\"http:\/\/www.w3.org\/2000\/svg\" viewbox=\"0 0 1000 100\" preserveaspectratio=\"none\">\n\t<path class=\"elementor-shape-fill\" d=\"M737.9,94.7L0,0v100h1000V0L737.9,94.7z\"\/>\n<\/svg>\t\t<\/div>\n\t\t\t\t<div class=\"elementor-shape elementor-shape-bottom\" aria-hidden=\"true\" data-negative=\"false\">\n\t\t\t<svg xmlns=\"http:\/\/www.w3.org\/2000\/svg\" viewbox=\"0 0 1000 100\" preserveaspectratio=\"none\">\n\t<path class=\"elementor-shape-fill\" d=\"M738,99l262-93V0H0v5.6L738,99z\"\/>\n<\/svg>\t\t<\/div>\n\t\t\t\t\t<div class=\"elementor-container elementor-column-gap-default\">\n\t\t\t\t\t<div class=\"elementor-column elementor-col-100 elementor-top-column elementor-element elementor-element-33e7d65c\" data-id=\"33e7d65c\" data-element_type=\"column\" data-e-type=\"column\">\n\t\t\t<div class=\"elementor-widget-wrap elementor-element-populated\">\n\t\t\t\t\t\t<div class=\"elementor-element elementor-element-4ce5fd68 elementor-widget elementor-widget-spacer\" data-id=\"4ce5fd68\" data-element_type=\"widget\" data-e-type=\"widget\" data-widget_type=\"spacer.default\">\n\t\t\t\t<div class=\"elementor-widget-container\">\n\t\t\t\t\t\t\t<div class=\"elementor-spacer\">\n\t\t\t<div class=\"elementor-spacer-inner\"><\/div>\n\t\t<\/div>\n\t\t\t\t\t\t<\/div>\n\t\t\t\t<\/div>\n\t\t\t\t\t<\/div>\n\t\t<\/div>\n\t\t\t\t\t<\/div>\n\t\t<\/section>\n\t\t\t\t<section class=\"elementor-section elementor-top-section elementor-element elementor-element-3d6bb163 elementor-section-boxed elementor-section-height-default elementor-section-height-default\" data-id=\"3d6bb163\" data-element_type=\"section\" data-e-type=\"section\">\n\t\t\t\t\t\t<div class=\"elementor-container elementor-column-gap-default\">\n\t\t\t\t\t<div class=\"elementor-column elementor-col-50 elementor-top-column elementor-element elementor-element-2b4ab50\" data-id=\"2b4ab50\" data-element_type=\"column\" data-e-type=\"column\" data-settings=\"{&quot;background_background&quot;:&quot;classic&quot;}\">\n\t\t\t<div class=\"elementor-widget-wrap elementor-element-populated\">\n\t\t\t\t\t<div class=\"elementor-background-overlay\"><\/div>\n\t\t\t\t\t\t<div class=\"elementor-element elementor-element-7b1991dc elementor-widget elementor-widget-spacer\" data-id=\"7b1991dc\" data-element_type=\"widget\" data-e-type=\"widget\" data-widget_type=\"spacer.default\">\n\t\t\t\t<div class=\"elementor-widget-container\">\n\t\t\t\t\t\t\t<div class=\"elementor-spacer\">\n\t\t\t<div class=\"elementor-spacer-inner\"><\/div>\n\t\t<\/div>\n\t\t\t\t\t\t<\/div>\n\t\t\t\t<\/div>\n\t\t\t\t\t<\/div>\n\t\t<\/div>\n\t\t\t\t<div class=\"elementor-column elementor-col-50 elementor-top-column elementor-element elementor-element-5bd8e5d9\" data-id=\"5bd8e5d9\" data-element_type=\"column\" data-e-type=\"column\">\n\t\t\t<div class=\"elementor-widget-wrap elementor-element-populated\">\n\t\t\t\t\t\t<div class=\"elementor-element elementor-element-359dfe17 elementor-widget elementor-widget-heading\" data-id=\"359dfe17\" data-element_type=\"widget\" data-e-type=\"widget\" data-widget_type=\"heading.default\">\n\t\t\t\t<div class=\"elementor-widget-container\">\n\t\t\t\t\t<h3 class=\"elementor-heading-title elementor-size-default\">TATIANA CARRILLO IREGUI<\/h3>\t\t\t\t<\/div>\n\t\t\t\t<\/div>\n\t\t\t\t<div class=\"elementor-element elementor-element-4446d65c elementor-widget elementor-widget-spacer\" data-id=\"4446d65c\" data-element_type=\"widget\" data-e-type=\"widget\" data-widget_type=\"spacer.default\">\n\t\t\t\t<div class=\"elementor-widget-container\">\n\t\t\t\t\t\t\t<div class=\"elementor-spacer\">\n\t\t\t<div class=\"elementor-spacer-inner\"><\/div>\n\t\t<\/div>\n\t\t\t\t\t\t<\/div>\n\t\t\t\t<\/div>\n\t\t\t\t<div class=\"elementor-element elementor-element-5deb7c13 elementor-widget elementor-widget-heading\" data-id=\"5deb7c13\" data-element_type=\"widget\" data-e-type=\"widget\" data-widget_type=\"heading.default\">\n\t\t\t\t<div class=\"elementor-widget-container\">\n\t\t\t\t\t<h6 class=\"elementor-heading-title elementor-size-default\">COLOMBIA<\/h6>\t\t\t\t<\/div>\n\t\t\t\t<\/div>\n\t\t\t\t<div class=\"elementor-element elementor-element-2b112b66 elementor-widget elementor-widget-spacer\" data-id=\"2b112b66\" data-element_type=\"widget\" data-e-type=\"widget\" data-widget_type=\"spacer.default\">\n\t\t\t\t<div class=\"elementor-widget-container\">\n\t\t\t\t\t\t\t<div class=\"elementor-spacer\">\n\t\t\t<div class=\"elementor-spacer-inner\"><\/div>\n\t\t<\/div>\n\t\t\t\t\t\t<\/div>\n\t\t\t\t<\/div>\n\t\t\t\t<div class=\"elementor-element elementor-element-16a0ad73 elementor-widget elementor-widget-text-editor\" data-id=\"16a0ad73\" data-element_type=\"widget\" data-e-type=\"widget\" data-widget_type=\"text-editor.default\">\n\t\t\t\t<div class=\"elementor-widget-container\">\n\t\t\t\t\t\t\t\t\t<h5>Asesoramiento en Propiedad Intelectual, Entretenimiento, Marcas, Derechos de Autor. - Desde 1997<\/h5>\t\t\t\t\t\t\t\t<\/div>\n\t\t\t\t<\/div>\n\t\t\t\t<div class=\"elementor-element elementor-element-b0eca79 elementor-widget elementor-widget-text-editor\" data-id=\"b0eca79\" data-element_type=\"widget\" data-e-type=\"widget\" data-widget_type=\"text-editor.default\">\n\t\t\t\t<div class=\"elementor-widget-container\">\n\t\t\t\t\t\t\t\t\t<p>Tatiana cuenta con m\u00e1s de 19 a\u00f1os de experiencia en el manejo y asesoramiento de grandes carteras de marcas para diferentes empresas multinacionales y nacionales.<\/p><p>Tiene una amplia gama de experiencia en la defensa de los derechos de marca del cliente con respecto a las infracciones de marca.<\/p><p>Desde el 2017 trabaja muy activamente con la Asociaci\u00f3n Colombiana de PI (ACPI) en buenas pr\u00e1cticas de PI actual de los pa\u00edses de la Comunidad Andina.<\/p><p><br \/>Tatiana tambi\u00e9n ha sido conferencista principal sobre derecho de marcas y derechos de autor en diferentes ciudades de Colombia y el mundo.<\/p>\t\t\t\t\t\t\t\t<\/div>\n\t\t\t\t<\/div>\n\t\t\t\t<div class=\"elementor-element elementor-element-c294473 elementor-widget elementor-widget-heading\" data-id=\"c294473\" data-element_type=\"widget\" data-e-type=\"widget\" data-widget_type=\"heading.default\">\n\t\t\t\t<div class=\"elementor-widget-container\">\n\t\t\t\t\t<h4 class=\"elementor-heading-title elementor-size-default\">tatiana carrillo<\/h4>\t\t\t\t<\/div>\n\t\t\t\t<\/div>\n\t\t\t\t\t<\/div>\n\t\t<\/div>\n\t\t\t\t\t<\/div>\n\t\t<\/section>\n\t\t\t\t<\/div>","protected":false},"excerpt":{"rendered":"<p>Practice Area 4 Practice area. Introductory text Make IP your most valuable asset providing the protection&nbsp;&nbsp; quuote from client or opinion from partner TATIANA CARRILLO IREGUI COLOMBIA Intellectual Property Counsel, Entertainment, Trademarks, Copyrights. &#8211; Since 1997 Tatiana has over 19 years of experience handling and advising large trademark portfolios for different multinational and national companies. [&hellip;]<\/p>\n","protected":false},"author":1,"featured_media":0,"parent":0,"menu_order":0,"comment_status":"closed","ping_status":"closed","template":"elementor_theme","meta":{"footnotes":""},"class_list":["post-1632","page","type-page","status-publish","hentry"],"yoast_head":"<!-- This site is optimized with the Yoast SEO plugin v27.1.1 - https:\/\/yoast.com\/product\/yoast-seo-wordpress\/ -->\n<title>Practice area 4 - Technology, Corporate and Intellectual Property Law Firm<\/title>\n<meta name=\"robots\" content=\"index, follow, max-snippet:-1, max-image-preview:large, max-video-preview:-1\" \/>\n<link rel=\"canonical\" href=\"https:\/\/tcipartnerslatam.com\/es\/practice-area-4\/\" \/>\n<meta property=\"og:locale\" content=\"es_ES\" \/>\n<meta property=\"og:type\" content=\"article\" \/>\n<meta property=\"og:title\" content=\"Practice area 4 - Technology, Corporate and Intellectual Property Law Firm\" \/>\n<meta property=\"og:description\" content=\"Practice Area 4 Practice area. Introductory text Make IP your most valuable asset providing the protection&nbsp;&nbsp; quuote from client or opinion from partner TATIANA CARRILLO IREGUI COLOMBIA Intellectual Property Counsel, Entertainment, Trademarks, Copyrights. &#8211; Since 1997 Tatiana has over 19 years of experience handling and advising large trademark portfolios for different multinational and national companies. [&hellip;]\" \/>\n<meta property=\"og:url\" content=\"https:\/\/tcipartnerslatam.com\/es\/practice-area-4\/\" \/>\n<meta property=\"og:site_name\" content=\"Technology, Corporate and Intellectual Property Law Firm\" \/>\n<meta property=\"article:modified_time\" content=\"2024-08-18T20:48:08+00:00\" \/>\n<meta property=\"og:image\" content=\"https:\/\/tcipartnerslatam.com\/wp-content\/uploads\/2022\/09\/tcip-new-logo-2-e1676457656819.png\" \/>\n\t<meta property=\"og:image:width\" content=\"783\" \/>\n\t<meta property=\"og:image:height\" content=\"300\" \/>\n\t<meta property=\"og:image:type\" content=\"image\/png\" \/>\n<meta name=\"twitter:card\" content=\"summary_large_image\" \/>\n<meta name=\"twitter:label1\" content=\"Tiempo de lectura\" \/>\n\t<meta name=\"twitter:data1\" content=\"1 minuto\" \/>\n<script type=\"application\/ld+json\" class=\"yoast-schema-graph\">{\"@context\":\"https:\/\/schema.org\",\"@graph\":[{\"@type\":\"WebPage\",\"@id\":\"https:\/\/tcipartnerslatam.com\/practice-area-4\/\",\"url\":\"https:\/\/tcipartnerslatam.com\/practice-area-4\/\",\"name\":\"Practice area 4 - Technology, Corporate and Intellectual Property Law Firm\",\"isPartOf\":{\"@id\":\"https:\/\/tcipartnerslatam.com\/#website\"},\"datePublished\":\"2022-10-05T17:43:51+00:00\",\"dateModified\":\"2024-08-18T20:48:08+00:00\",\"breadcrumb\":{\"@id\":\"https:\/\/tcipartnerslatam.com\/practice-area-4\/#breadcrumb\"},\"inLanguage\":\"es\",\"potentialAction\":[{\"@type\":\"ReadAction\",\"target\":[\"https:\/\/tcipartnerslatam.com\/practice-area-4\/\"]}]},{\"@type\":\"BreadcrumbList\",\"@id\":\"https:\/\/tcipartnerslatam.com\/practice-area-4\/#breadcrumb\",\"itemListElement\":[{\"@type\":\"ListItem\",\"position\":1,\"name\":\"Inicio\",\"item\":\"https:\/\/tcipartnerslatam.com\/\"},{\"@type\":\"ListItem\",\"position\":2,\"name\":\"Practice area 4\"}]},{\"@type\":\"WebSite\",\"@id\":\"https:\/\/tcipartnerslatam.com\/#website\",\"url\":\"https:\/\/tcipartnerslatam.com\/\",\"name\":\"Technology, Corporate and Intellectual Property Law Firm\",\"description\":\"Technology, Corporate and Intellectual Property Law Firm\",\"publisher\":{\"@id\":\"https:\/\/tcipartnerslatam.com\/#organization\"},\"alternateName\":\"Technology, Corporate & Intellectual Property Law Firm in Colombia and Latinamerica\",\"potentialAction\":[{\"@type\":\"SearchAction\",\"target\":{\"@type\":\"EntryPoint\",\"urlTemplate\":\"https:\/\/tcipartnerslatam.com\/?s={search_term_string}\"},\"query-input\":{\"@type\":\"PropertyValueSpecification\",\"valueRequired\":true,\"valueName\":\"search_term_string\"}}],\"inLanguage\":\"es\"},{\"@type\":\"Organization\",\"@id\":\"https:\/\/tcipartnerslatam.com\/#organization\",\"name\":\"TCI PARTNERS LATAM SAS\",\"url\":\"https:\/\/tcipartnerslatam.com\/\",\"logo\":{\"@type\":\"ImageObject\",\"inLanguage\":\"es\",\"@id\":\"https:\/\/tcipartnerslatam.com\/#\/schema\/logo\/image\/\",\"url\":\"https:\/\/tcipartnerslatam.com\/wp-content\/uploads\/2022\/09\/tcip-new-logo-2.png\",\"contentUrl\":\"https:\/\/tcipartnerslatam.com\/wp-content\/uploads\/2022\/09\/tcip-new-logo-2.png\",\"width\":2377,\"height\":911,\"caption\":\"TCI PARTNERS LATAM SAS\"},\"image\":{\"@id\":\"https:\/\/tcipartnerslatam.com\/#\/schema\/logo\/image\/\"}}]}<\/script>\n<!-- \/ Yoast SEO plugin. -->","yoast_head_json":{"title":"Practice area 4 - Technology, Corporate and Intellectual Property Law Firm","robots":{"index":"index","follow":"follow","max-snippet":"max-snippet:-1","max-image-preview":"max-image-preview:large","max-video-preview":"max-video-preview:-1"},"canonical":"https:\/\/tcipartnerslatam.com\/es\/practice-area-4\/","og_locale":"es_ES","og_type":"article","og_title":"Practice area 4 - Technology, Corporate and Intellectual Property Law Firm","og_description":"Practice Area 4 Practice area. Introductory text Make IP your most valuable asset providing the protection&nbsp;&nbsp; quuote from client or opinion from partner TATIANA CARRILLO IREGUI COLOMBIA Intellectual Property Counsel, Entertainment, Trademarks, Copyrights. &#8211; Since 1997 Tatiana has over 19 years of experience handling and advising large trademark portfolios for different multinational and national companies. [&hellip;]","og_url":"https:\/\/tcipartnerslatam.com\/es\/practice-area-4\/","og_site_name":"Technology, Corporate and Intellectual Property Law Firm","article_modified_time":"2024-08-18T20:48:08+00:00","og_image":[{"width":783,"height":300,"url":"https:\/\/tcipartnerslatam.com\/wp-content\/uploads\/2022\/09\/tcip-new-logo-2-e1676457656819.png","type":"image\/png"}],"twitter_card":"summary_large_image","twitter_misc":{"Tiempo de lectura":"1 minuto"},"schema":{"@context":"https:\/\/schema.org","@graph":[{"@type":"WebPage","@id":"https:\/\/tcipartnerslatam.com\/practice-area-4\/","url":"https:\/\/tcipartnerslatam.com\/practice-area-4\/","name":"Practice area 4 - Technology, Corporate and Intellectual Property Law Firm","isPartOf":{"@id":"https:\/\/tcipartnerslatam.com\/#website"},"datePublished":"2022-10-05T17:43:51+00:00","dateModified":"2024-08-18T20:48:08+00:00","breadcrumb":{"@id":"https:\/\/tcipartnerslatam.com\/practice-area-4\/#breadcrumb"},"inLanguage":"es","potentialAction":[{"@type":"ReadAction","target":["https:\/\/tcipartnerslatam.com\/practice-area-4\/"]}]},{"@type":"BreadcrumbList","@id":"https:\/\/tcipartnerslatam.com\/practice-area-4\/#breadcrumb","itemListElement":[{"@type":"ListItem","position":1,"name":"Inicio","item":"https:\/\/tcipartnerslatam.com\/"},{"@type":"ListItem","position":2,"name":"Practice area 4"}]},{"@type":"WebSite","@id":"https:\/\/tcipartnerslatam.com\/#website","url":"https:\/\/tcipartnerslatam.com\/","name":"Technology, Corporate and Intellectual Property Law Firm","description":"Technology, Corporate and Intellectual Property Law Firm","publisher":{"@id":"https:\/\/tcipartnerslatam.com\/#organization"},"alternateName":"Technology, Corporate & Intellectual Property Law Firm in Colombia and Latinamerica","potentialAction":[{"@type":"SearchAction","target":{"@type":"EntryPoint","urlTemplate":"https:\/\/tcipartnerslatam.com\/?s={search_term_string}"},"query-input":{"@type":"PropertyValueSpecification","valueRequired":true,"valueName":"search_term_string"}}],"inLanguage":"es"},{"@type":"Organization","@id":"https:\/\/tcipartnerslatam.com\/#organization","name":"TCI PARTNERS LATAM SAS","url":"https:\/\/tcipartnerslatam.com\/","logo":{"@type":"ImageObject","inLanguage":"es","@id":"https:\/\/tcipartnerslatam.com\/#\/schema\/logo\/image\/","url":"https:\/\/tcipartnerslatam.com\/wp-content\/uploads\/2022\/09\/tcip-new-logo-2.png","contentUrl":"https:\/\/tcipartnerslatam.com\/wp-content\/uploads\/2022\/09\/tcip-new-logo-2.png","width":2377,"height":911,"caption":"TCI PARTNERS LATAM SAS"},"image":{"@id":"https:\/\/tcipartnerslatam.com\/#\/schema\/logo\/image\/"}}]}},"_links":{"self":[{"href":"https:\/\/tcipartnerslatam.com\/es\/wp-json\/wp\/v2\/pages\/1632","targetHints":{"allow":["GET"]}}],"collection":[{"href":"https:\/\/tcipartnerslatam.com\/es\/wp-json\/wp\/v2\/pages"}],"about":[{"href":"https:\/\/tcipartnerslatam.com\/es\/wp-json\/wp\/v2\/types\/page"}],"author":[{"embeddable":true,"href":"https:\/\/tcipartnerslatam.com\/es\/wp-json\/wp\/v2\/users\/1"}],"replies":[{"embeddable":true,"href":"https:\/\/tcipartnerslatam.com\/es\/wp-json\/wp\/v2\/comments?post=1632"}],"version-history":[{"count":4,"href":"https:\/\/tcipartnerslatam.com\/es\/wp-json\/wp\/v2\/pages\/1632\/revisions"}],"predecessor-version":[{"id":1636,"href":"https:\/\/tcipartnerslatam.com\/es\/wp-json\/wp\/v2\/pages\/1632\/revisions\/1636"}],"wp:attachment":[{"href":"https:\/\/tcipartnerslatam.com\/es\/wp-json\/wp\/v2\/media?parent=1632"}],"curies":[{"name":"wp","href":"https:\/\/api.w.org\/{rel}","templated":true}]}}