{"id":682,"date":"2022-09-28T07:50:10","date_gmt":"2022-09-28T12:50:10","guid":{"rendered":"https:\/\/tcipartnerslatam.com\/?page_id=682"},"modified":"2023-03-07T06:18:17","modified_gmt":"2023-03-07T11:18:17","slug":"community","status":"publish","type":"page","link":"https:\/\/tcipartnerslatam.com\/es\/community\/","title":{"rendered":"Comunidad"},"content":{"rendered":"<div data-elementor-type=\"wp-page\" data-elementor-id=\"682\" class=\"elementor elementor-682\" data-elementor-post-type=\"page\">\n\t\t\t\t\t\t<section class=\"elementor-section elementor-top-section elementor-element elementor-element-216a98ec elementor-section-boxed elementor-section-height-default elementor-section-height-default\" data-id=\"216a98ec\" data-element_type=\"section\" data-e-type=\"section\" data-settings=\"{&quot;background_background&quot;:&quot;gradient&quot;,&quot;shape_divider_bottom&quot;:&quot;triangle-asymmetrical&quot;,&quot;shape_divider_bottom_negative&quot;:&quot;yes&quot;}\">\n\t\t\t\t\t\t\t<div class=\"elementor-background-overlay\"><\/div>\n\t\t\t\t\t\t<div class=\"elementor-shape elementor-shape-bottom\" aria-hidden=\"true\" data-negative=\"true\">\n\t\t\t<svg xmlns=\"http:\/\/www.w3.org\/2000\/svg\" viewbox=\"0 0 1000 100\" preserveaspectratio=\"none\">\n\t<path class=\"elementor-shape-fill\" d=\"M737.9,94.7L0,0v100h1000V0L737.9,94.7z\"\/>\n<\/svg>\t\t<\/div>\n\t\t\t\t\t<div class=\"elementor-container elementor-column-gap-default\">\n\t\t\t\t\t<div class=\"elementor-column elementor-col-50 elementor-top-column elementor-element elementor-element-1160f73b\" data-id=\"1160f73b\" data-element_type=\"column\" data-e-type=\"column\">\n\t\t\t<div class=\"elementor-widget-wrap elementor-element-populated\">\n\t\t\t\t\t\t<div class=\"elementor-element elementor-element-7ed1dcc8 elementor-invisible elementor-widget elementor-widget-heading\" data-id=\"7ed1dcc8\" data-element_type=\"widget\" data-e-type=\"widget\" data-settings=\"{&quot;_animation&quot;:&quot;fadeInLeft&quot;}\" data-widget_type=\"heading.default\">\n\t\t\t\t<div class=\"elementor-widget-container\">\n\t\t\t\t\t<h1 class=\"elementor-heading-title elementor-size-default\">UNA COMUNIDAD DE DIVERSIDAD Y EMPAT\u00cdA<\/h1>\t\t\t\t<\/div>\n\t\t\t\t<\/div>\n\t\t\t\t\t<\/div>\n\t\t<\/div>\n\t\t\t\t<div class=\"elementor-column elementor-col-50 elementor-top-column elementor-element elementor-element-3ada1cec\" data-id=\"3ada1cec\" data-element_type=\"column\" data-e-type=\"column\">\n\t\t\t<div class=\"elementor-widget-wrap elementor-element-populated\">\n\t\t\t\t\t\t<div class=\"elementor-element elementor-element-3e04a0bf elementor-widget elementor-widget-text-editor\" data-id=\"3e04a0bf\" data-element_type=\"widget\" data-e-type=\"widget\" data-settings=\"{&quot;_animation&quot;:&quot;none&quot;}\" data-widget_type=\"text-editor.default\">\n\t\t\t\t<div class=\"elementor-widget-container\">\n\t\t\t\t\t\t\t\t\t<p id=\"tw-target-text\" class=\"tw-data-text tw-text-large tw-ta\" dir=\"ltr\" data-placeholder=\"Traducci\u00f3n\"><span class=\"Y2IQFc\" lang=\"en\">Promovemos la diversidad, la igualdad de oportunidades y el respeto por los dem\u00e1s. Creemos en la importancia de la empat\u00eda y la humanidad en el lugar de trabajo.<\/span><\/p>\t\t\t\t\t\t\t\t<\/div>\n\t\t\t\t<\/div>\n\t\t\t\t\t<\/div>\n\t\t<\/div>\n\t\t\t\t\t<\/div>\n\t\t<\/section>\n\t\t\t\t<section class=\"elementor-section elementor-top-section elementor-element elementor-element-7c4c0b9 elementor-section-boxed elementor-section-height-default elementor-section-height-default\" data-id=\"7c4c0b9\" data-element_type=\"section\" data-e-type=\"section\">\n\t\t\t\t\t\t<div class=\"elementor-container elementor-column-gap-default\">\n\t\t\t\t\t<div class=\"elementor-column elementor-col-50 elementor-top-column elementor-element elementor-element-587f9f60\" data-id=\"587f9f60\" data-element_type=\"column\" data-e-type=\"column\">\n\t\t\t<div class=\"elementor-widget-wrap elementor-element-populated\">\n\t\t\t\t\t\t<div class=\"elementor-element elementor-element-7b28af6e elementor-widget elementor-widget-heading\" data-id=\"7b28af6e\" data-element_type=\"widget\" data-e-type=\"widget\" data-widget_type=\"heading.default\">\n\t\t\t\t<div class=\"elementor-widget-container\">\n\t\t\t\t\t<h2 class=\"elementor-heading-title elementor-size-default\">trabajando con j\u00f3venes<\/h2>\t\t\t\t<\/div>\n\t\t\t\t<\/div>\n\t\t\t\t<div class=\"elementor-element elementor-element-6cdc7413 elementor-widget elementor-widget-spacer\" data-id=\"6cdc7413\" data-element_type=\"widget\" data-e-type=\"widget\" data-widget_type=\"spacer.default\">\n\t\t\t\t<div class=\"elementor-widget-container\">\n\t\t\t\t\t\t\t<div class=\"elementor-spacer\">\n\t\t\t<div class=\"elementor-spacer-inner\"><\/div>\n\t\t<\/div>\n\t\t\t\t\t\t<\/div>\n\t\t\t\t<\/div>\n\t\t\t\t<div class=\"elementor-element elementor-element-a093eb4 elementor-widget elementor-widget-text-editor\" data-id=\"a093eb4\" data-element_type=\"widget\" data-e-type=\"widget\" data-widget_type=\"text-editor.default\">\n\t\t\t\t<div class=\"elementor-widget-container\">\n\t\t\t\t\t\t\t\t\tQueremos trabajar con la pr\u00f3xima generaci\u00f3n, que tomar\u00e1 su conocimiento y lo aplicar\u00e1 a las ideas m\u00e1s brillantes que transforman industrias y mejoran vidas. Para hacer eso, nos hemos asociado con el Instituto Tecnico I3 en Colombia, un instituto t\u00e9cnico l\u00edder, con la misi\u00f3n de crear seminarios web que se centren en los aspectos m\u00e1s importantes de la ley de propiedad intelectual para las empresas. Abrir oportunidades de formaci\u00f3n y educaci\u00f3n para j\u00f3venes que crear\u00e1n nuevas tecnolog\u00edas para nuestra industria.\t\t\t\t\t\t\t\t<\/div>\n\t\t\t\t<\/div>\n\t\t\t\t\t<\/div>\n\t\t<\/div>\n\t\t\t\t<div class=\"elementor-column elementor-col-50 elementor-top-column elementor-element elementor-element-18f8cc99 elementor-invisible\" data-id=\"18f8cc99\" data-element_type=\"column\" data-e-type=\"column\" data-settings=\"{&quot;animation&quot;:&quot;fadeInRight&quot;}\">\n\t\t\t<div class=\"elementor-widget-wrap elementor-element-populated\">\n\t\t\t\t\t\t<div class=\"elementor-element elementor-element-46a287c2 elementor-view-default elementor-widget elementor-widget-icon\" data-id=\"46a287c2\" data-element_type=\"widget\" data-e-type=\"widget\" data-widget_type=\"icon.default\">\n\t\t\t\t<div class=\"elementor-widget-container\">\n\t\t\t\t\t\t\t<div class=\"elementor-icon-wrapper\">\n\t\t\t<div class=\"elementor-icon\">\n\t\t\t<i aria-hidden=\"true\" class=\"fas fa-quote-left\"><\/i>\t\t\t<\/div>\n\t\t<\/div>\n\t\t\t\t\t\t<\/div>\n\t\t\t\t<\/div>\n\t\t\t\t<div class=\"elementor-element elementor-element-76528292 elementor-widget elementor-widget-heading\" data-id=\"76528292\" data-element_type=\"widget\" data-e-type=\"widget\" data-widget_type=\"heading.default\">\n\t\t\t\t<div class=\"elementor-widget-container\">\n\t\t\t\t\t<h3 class=\"elementor-heading-title elementor-size-default\">QUEREMOS QUE LOS J\u00d3VENES CONOZCAN NUESTRA INDUSTRIA PARA QUE LA CONSIDEREN COMO UNA OPCI\u00d3N DE FUTURO PROFESIONAL.<\/h3>\t\t\t\t<\/div>\n\t\t\t\t<\/div>\n\t\t\t\t<div class=\"elementor-element elementor-element-6eb5e1f6 elementor-view-default elementor-widget elementor-widget-icon\" data-id=\"6eb5e1f6\" data-element_type=\"widget\" data-e-type=\"widget\" data-widget_type=\"icon.default\">\n\t\t\t\t<div class=\"elementor-widget-container\">\n\t\t\t\t\t\t\t<div class=\"elementor-icon-wrapper\">\n\t\t\t<div class=\"elementor-icon\">\n\t\t\t<i aria-hidden=\"true\" class=\"fas fa-quote-right\"><\/i>\t\t\t<\/div>\n\t\t<\/div>\n\t\t\t\t\t\t<\/div>\n\t\t\t\t<\/div>\n\t\t\t\t\t<\/div>\n\t\t<\/div>\n\t\t\t\t\t<\/div>\n\t\t<\/section>\n\t\t\t\t<section class=\"elementor-section elementor-top-section elementor-element elementor-element-810efa7 elementor-section-boxed elementor-section-height-default elementor-section-height-default\" data-id=\"810efa7\" data-element_type=\"section\" data-e-type=\"section\">\n\t\t\t\t\t\t<div class=\"elementor-container elementor-column-gap-default\">\n\t\t\t\t\t<div class=\"elementor-column elementor-col-50 elementor-top-column elementor-element elementor-element-20c8e56 elementor-invisible\" data-id=\"20c8e56\" data-element_type=\"column\" data-e-type=\"column\" data-settings=\"{&quot;animation&quot;:&quot;fadeInRight&quot;}\">\n\t\t\t<div class=\"elementor-widget-wrap elementor-element-populated\">\n\t\t\t\t\t\t<div class=\"elementor-element elementor-element-07ffaf6 elementor-view-default elementor-widget elementor-widget-icon\" data-id=\"07ffaf6\" data-element_type=\"widget\" data-e-type=\"widget\" data-widget_type=\"icon.default\">\n\t\t\t\t<div class=\"elementor-widget-container\">\n\t\t\t\t\t\t\t<div class=\"elementor-icon-wrapper\">\n\t\t\t<div class=\"elementor-icon\">\n\t\t\t<i aria-hidden=\"true\" class=\"fas fa-quote-left\"><\/i>\t\t\t<\/div>\n\t\t<\/div>\n\t\t\t\t\t\t<\/div>\n\t\t\t\t<\/div>\n\t\t\t\t<div class=\"elementor-element elementor-element-11d5646 elementor-widget elementor-widget-heading\" data-id=\"11d5646\" data-element_type=\"widget\" data-e-type=\"widget\" data-widget_type=\"heading.default\">\n\t\t\t\t<div class=\"elementor-widget-container\">\n\t\t\t\t\t<h3 class=\"elementor-heading-title elementor-size-default\">Valores 1ro! La amabilidad y empat\u00eda con todas las personas y en especial con las mujeres hace que nuestro trabajo sea digno y significativo.<\/h3>\t\t\t\t<\/div>\n\t\t\t\t<\/div>\n\t\t\t\t<div class=\"elementor-element elementor-element-687780f elementor-view-default elementor-widget elementor-widget-icon\" data-id=\"687780f\" data-element_type=\"widget\" data-e-type=\"widget\" data-widget_type=\"icon.default\">\n\t\t\t\t<div class=\"elementor-widget-container\">\n\t\t\t\t\t\t\t<div class=\"elementor-icon-wrapper\">\n\t\t\t<div class=\"elementor-icon\">\n\t\t\t<i aria-hidden=\"true\" class=\"fas fa-quote-right\"><\/i>\t\t\t<\/div>\n\t\t<\/div>\n\t\t\t\t\t\t<\/div>\n\t\t\t\t<\/div>\n\t\t\t\t\t<\/div>\n\t\t<\/div>\n\t\t\t\t<div class=\"elementor-column elementor-col-50 elementor-top-column elementor-element elementor-element-1140dfe\" data-id=\"1140dfe\" data-element_type=\"column\" data-e-type=\"column\">\n\t\t\t<div class=\"elementor-widget-wrap elementor-element-populated\">\n\t\t\t\t\t\t<div class=\"elementor-element elementor-element-3d4da75 elementor-widget elementor-widget-heading\" data-id=\"3d4da75\" data-element_type=\"widget\" data-e-type=\"widget\" data-widget_type=\"heading.default\">\n\t\t\t\t<div class=\"elementor-widget-container\">\n\t\t\t\t\t<h2 class=\"elementor-heading-title elementor-size-default\">#supportwomenlatam<\/h2>\t\t\t\t<\/div>\n\t\t\t\t<\/div>\n\t\t\t\t<div class=\"elementor-element elementor-element-068f125 elementor-widget elementor-widget-spacer\" data-id=\"068f125\" data-element_type=\"widget\" data-e-type=\"widget\" data-widget_type=\"spacer.default\">\n\t\t\t\t<div class=\"elementor-widget-container\">\n\t\t\t\t\t\t\t<div class=\"elementor-spacer\">\n\t\t\t<div class=\"elementor-spacer-inner\"><\/div>\n\t\t<\/div>\n\t\t\t\t\t\t<\/div>\n\t\t\t\t<\/div>\n\t\t\t\t<div class=\"elementor-element elementor-element-9047c75 elementor-widget elementor-widget-text-editor\" data-id=\"9047c75\" data-element_type=\"widget\" data-e-type=\"widget\" data-widget_type=\"text-editor.default\">\n\t\t\t\t<div class=\"elementor-widget-container\">\n\t\t\t\t\t\t\t\t\t<p>We believe that all women should have equal rights in the workplace. We collaborate with this philosophy in mind and look to offer pro-bono counsel to women that are currently facing discrimination. Our network of labor lawyers and HR managers are on hand to overcome all the challenges these women face.<\/p>\t\t\t\t\t\t\t\t<\/div>\n\t\t\t\t<\/div>\n\t\t\t\t\t<\/div>\n\t\t<\/div>\n\t\t\t\t\t<\/div>\n\t\t<\/section>\n\t\t\t\t<section class=\"elementor-section elementor-top-section elementor-element elementor-element-df53490 elementor-section-boxed elementor-section-height-default elementor-section-height-default\" data-id=\"df53490\" data-element_type=\"section\" data-e-type=\"section\">\n\t\t\t\t\t\t<div class=\"elementor-container elementor-column-gap-default\">\n\t\t\t\t\t<div class=\"elementor-column elementor-col-50 elementor-top-column elementor-element elementor-element-25885b9\" data-id=\"25885b9\" data-element_type=\"column\" data-e-type=\"column\">\n\t\t\t<div class=\"elementor-widget-wrap elementor-element-populated\">\n\t\t\t\t\t\t<div class=\"elementor-element elementor-element-c319f47 elementor-widget elementor-widget-heading\" data-id=\"c319f47\" data-element_type=\"widget\" data-e-type=\"widget\" data-widget_type=\"heading.default\">\n\t\t\t\t<div class=\"elementor-widget-container\">\n\t\t\t\t\t<h2 class=\"elementor-heading-title elementor-size-default\">working with CANCER PLEDGE<\/h2>\t\t\t\t<\/div>\n\t\t\t\t<\/div>\n\t\t\t\t<div class=\"elementor-element elementor-element-3089c7a elementor-widget elementor-widget-spacer\" data-id=\"3089c7a\" data-element_type=\"widget\" data-e-type=\"widget\" data-widget_type=\"spacer.default\">\n\t\t\t\t<div class=\"elementor-widget-container\">\n\t\t\t\t\t\t\t<div class=\"elementor-spacer\">\n\t\t\t<div class=\"elementor-spacer-inner\"><\/div>\n\t\t<\/div>\n\t\t\t\t\t\t<\/div>\n\t\t\t\t<\/div>\n\t\t\t\t<div class=\"elementor-element elementor-element-aab774b elementor-widget elementor-widget-text-editor\" data-id=\"aab774b\" data-element_type=\"widget\" data-e-type=\"widget\" data-widget_type=\"text-editor.default\">\n\t\t\t\t<div class=\"elementor-widget-container\">\n\t\t\t\t\t\t\t\t\t<p>The working with cancer pledge is a world wide initiative launched by https:\/\/www.publicis.com\/ in alliance with cancer organizations around the world to abolish the stigma and insecurity that exist for people with cancer in the workplace.<br>\nhttps:\/\/www.workingwithcancerpledge.com\/ <\/p>\t\t\t\t\t\t\t\t<\/div>\n\t\t\t\t<\/div>\n\t\t\t\t\t<\/div>\n\t\t<\/div>\n\t\t\t\t<div class=\"elementor-column elementor-col-50 elementor-top-column elementor-element elementor-element-781f7fc elementor-invisible\" data-id=\"781f7fc\" data-element_type=\"column\" data-e-type=\"column\" data-settings=\"{&quot;animation&quot;:&quot;fadeInRight&quot;}\">\n\t\t\t<div class=\"elementor-widget-wrap elementor-element-populated\">\n\t\t\t\t\t\t<div class=\"elementor-element elementor-element-148fbd8 elementor-view-default elementor-widget elementor-widget-icon\" data-id=\"148fbd8\" data-element_type=\"widget\" data-e-type=\"widget\" data-widget_type=\"icon.default\">\n\t\t\t\t<div class=\"elementor-widget-container\">\n\t\t\t\t\t\t\t<div class=\"elementor-icon-wrapper\">\n\t\t\t<div class=\"elementor-icon\">\n\t\t\t<i aria-hidden=\"true\" class=\"fas fa-quote-left\"><\/i>\t\t\t<\/div>\n\t\t<\/div>\n\t\t\t\t\t\t<\/div>\n\t\t\t\t<\/div>\n\t\t\t\t<div class=\"elementor-element elementor-element-33995cb elementor-widget elementor-widget-heading\" data-id=\"33995cb\" data-element_type=\"widget\" data-e-type=\"widget\" data-widget_type=\"heading.default\">\n\t\t\t\t<div class=\"elementor-widget-container\">\n\t\t\t\t\t<h3 class=\"elementor-heading-title elementor-size-default\">WE WANT OUR EMPLOYEES AND PARTNERS TO KNOW WE ARE HERE FOR THEM AND THAT WE WILL SUPPORT THEM.<\/h3>\t\t\t\t<\/div>\n\t\t\t\t<\/div>\n\t\t\t\t<div class=\"elementor-element elementor-element-8bf3435 elementor-view-default elementor-widget elementor-widget-icon\" data-id=\"8bf3435\" data-element_type=\"widget\" data-e-type=\"widget\" data-widget_type=\"icon.default\">\n\t\t\t\t<div class=\"elementor-widget-container\">\n\t\t\t\t\t\t\t<div class=\"elementor-icon-wrapper\">\n\t\t\t<div class=\"elementor-icon\">\n\t\t\t<i aria-hidden=\"true\" class=\"fas fa-quote-right\"><\/i>\t\t\t<\/div>\n\t\t<\/div>\n\t\t\t\t\t\t<\/div>\n\t\t\t\t<\/div>\n\t\t\t\t\t<\/div>\n\t\t<\/div>\n\t\t\t\t\t<\/div>\n\t\t<\/section>\n\t\t\t\t<section class=\"elementor-section elementor-top-section elementor-element elementor-element-3ec0a2b7 elementor-section-boxed elementor-section-height-default elementor-section-height-default\" data-id=\"3ec0a2b7\" data-element_type=\"section\" data-e-type=\"section\" data-settings=\"{&quot;background_background&quot;:&quot;gradient&quot;,&quot;shape_divider_top&quot;:&quot;triangle-asymmetrical&quot;,&quot;shape_divider_top_negative&quot;:&quot;yes&quot;,&quot;shape_divider_bottom&quot;:&quot;triangle-asymmetrical&quot;}\">\n\t\t\t\t\t\t\t<div class=\"elementor-background-overlay\"><\/div>\n\t\t\t\t\t\t<div class=\"elementor-shape elementor-shape-top\" aria-hidden=\"true\" data-negative=\"true\">\n\t\t\t<svg xmlns=\"http:\/\/www.w3.org\/2000\/svg\" viewbox=\"0 0 1000 100\" preserveaspectratio=\"none\">\n\t<path class=\"elementor-shape-fill\" d=\"M737.9,94.7L0,0v100h1000V0L737.9,94.7z\"\/>\n<\/svg>\t\t<\/div>\n\t\t\t\t<div class=\"elementor-shape elementor-shape-bottom\" aria-hidden=\"true\" data-negative=\"false\">\n\t\t\t<svg xmlns=\"http:\/\/www.w3.org\/2000\/svg\" viewbox=\"0 0 1000 100\" preserveaspectratio=\"none\">\n\t<path class=\"elementor-shape-fill\" d=\"M738,99l262-93V0H0v5.6L738,99z\"\/>\n<\/svg>\t\t<\/div>\n\t\t\t\t\t<div class=\"elementor-container elementor-column-gap-default\">\n\t\t\t\t\t<div class=\"elementor-column elementor-col-100 elementor-top-column elementor-element elementor-element-33e7d65c\" data-id=\"33e7d65c\" data-element_type=\"column\" data-e-type=\"column\">\n\t\t\t<div class=\"elementor-widget-wrap elementor-element-populated\">\n\t\t\t\t\t\t<div class=\"elementor-element elementor-element-4ce5fd68 elementor-widget elementor-widget-spacer\" data-id=\"4ce5fd68\" data-element_type=\"widget\" data-e-type=\"widget\" data-widget_type=\"spacer.default\">\n\t\t\t\t<div class=\"elementor-widget-container\">\n\t\t\t\t\t\t\t<div class=\"elementor-spacer\">\n\t\t\t<div class=\"elementor-spacer-inner\"><\/div>\n\t\t<\/div>\n\t\t\t\t\t\t<\/div>\n\t\t\t\t<\/div>\n\t\t\t\t\t<\/div>\n\t\t<\/div>\n\t\t\t\t\t<\/div>\n\t\t<\/section>\n\t\t\t\t<\/div>","protected":false},"excerpt":{"rendered":"<p>A COMMUNITY OF DIVERSITY AND EMPATHY We promote diversity, equality opportunity, and respect for others. We believe in the importance of empathy and humanity in the workplace. working with youth We want to work with the next generation, who will take their knowledge and apply it to the brightest ideas that transform industries and improve [&hellip;]<\/p>\n","protected":false},"author":1,"featured_media":0,"parent":0,"menu_order":0,"comment_status":"closed","ping_status":"closed","template":"elementor_theme","meta":{"footnotes":""},"class_list":["post-682","page","type-page","status-publish","hentry"],"yoast_head":"<!-- This site is optimized with the Yoast SEO plugin v27.1.1 - https:\/\/yoast.com\/product\/yoast-seo-wordpress\/ -->\n<title>Community of diversity and empathy in data protection law<\/title>\n<meta name=\"description\" content=\"We promote diversity , equality of opportunity, and respect of others. We believe in the importance of empathy and humanity workplace\" \/>\n<meta name=\"robots\" content=\"index, follow, max-snippet:-1, max-image-preview:large, max-video-preview:-1\" \/>\n<link rel=\"canonical\" href=\"https:\/\/tcipartnerslatam.com\/es\/community\/\" \/>\n<meta property=\"og:locale\" content=\"es_ES\" \/>\n<meta property=\"og:type\" content=\"article\" \/>\n<meta property=\"og:title\" content=\"Community of diversity and empathy in data protection law\" \/>\n<meta property=\"og:description\" content=\"We promote diversity , equality of opportunity, and respect of others. We believe in the importance of empathy and humanity workplace\" \/>\n<meta property=\"og:url\" content=\"https:\/\/tcipartnerslatam.com\/es\/community\/\" \/>\n<meta property=\"og:site_name\" content=\"Technology, Corporate and Intellectual Property Law Firm\" \/>\n<meta property=\"article:modified_time\" content=\"2023-03-07T11:18:17+00:00\" \/>\n<meta property=\"og:image\" content=\"https:\/\/tcipartnerslatam.com\/wp-content\/uploads\/2022\/09\/tcip-new-logo-2-e1676457656819.png\" \/>\n\t<meta property=\"og:image:width\" content=\"783\" \/>\n\t<meta property=\"og:image:height\" content=\"300\" \/>\n\t<meta property=\"og:image:type\" content=\"image\/png\" \/>\n<meta name=\"twitter:card\" content=\"summary_large_image\" \/>\n<meta name=\"twitter:label1\" content=\"Tiempo de lectura\" \/>\n\t<meta name=\"twitter:data1\" content=\"2 minutos\" \/>\n<script type=\"application\/ld+json\" class=\"yoast-schema-graph\">{\"@context\":\"https:\/\/schema.org\",\"@graph\":[{\"@type\":\"WebPage\",\"@id\":\"https:\/\/tcipartnerslatam.com\/es\/community\/\",\"url\":\"https:\/\/tcipartnerslatam.com\/es\/community\/\",\"name\":\"Community of diversity and empathy in data protection law\",\"isPartOf\":{\"@id\":\"https:\/\/tcipartnerslatam.com\/#website\"},\"datePublished\":\"2022-09-28T12:50:10+00:00\",\"dateModified\":\"2023-03-07T11:18:17+00:00\",\"description\":\"We promote diversity , equality of opportunity, and respect of others. We believe in the importance of empathy and humanity workplace\",\"breadcrumb\":{\"@id\":\"https:\/\/tcipartnerslatam.com\/es\/community\/#breadcrumb\"},\"inLanguage\":\"es\",\"potentialAction\":[{\"@type\":\"ReadAction\",\"target\":[\"https:\/\/tcipartnerslatam.com\/es\/community\/\"]}]},{\"@type\":\"BreadcrumbList\",\"@id\":\"https:\/\/tcipartnerslatam.com\/es\/community\/#breadcrumb\",\"itemListElement\":[{\"@type\":\"ListItem\",\"position\":1,\"name\":\"Inicio\",\"item\":\"https:\/\/tcipartnerslatam.com\/\"},{\"@type\":\"ListItem\",\"position\":2,\"name\":\"Community\"}]},{\"@type\":\"WebSite\",\"@id\":\"https:\/\/tcipartnerslatam.com\/#website\",\"url\":\"https:\/\/tcipartnerslatam.com\/\",\"name\":\"Technology, Corporate and Intellectual Property Law Firm\",\"description\":\"Technology, Corporate and Intellectual Property Law Firm\",\"publisher\":{\"@id\":\"https:\/\/tcipartnerslatam.com\/#organization\"},\"alternateName\":\"Technology, Corporate & Intellectual Property Law Firm in Colombia and Latinamerica\",\"potentialAction\":[{\"@type\":\"SearchAction\",\"target\":{\"@type\":\"EntryPoint\",\"urlTemplate\":\"https:\/\/tcipartnerslatam.com\/?s={search_term_string}\"},\"query-input\":{\"@type\":\"PropertyValueSpecification\",\"valueRequired\":true,\"valueName\":\"search_term_string\"}}],\"inLanguage\":\"es\"},{\"@type\":\"Organization\",\"@id\":\"https:\/\/tcipartnerslatam.com\/#organization\",\"name\":\"TCI PARTNERS LATAM SAS\",\"url\":\"https:\/\/tcipartnerslatam.com\/\",\"logo\":{\"@type\":\"ImageObject\",\"inLanguage\":\"es\",\"@id\":\"https:\/\/tcipartnerslatam.com\/#\/schema\/logo\/image\/\",\"url\":\"https:\/\/tcipartnerslatam.com\/wp-content\/uploads\/2022\/09\/tcip-new-logo-2.png\",\"contentUrl\":\"https:\/\/tcipartnerslatam.com\/wp-content\/uploads\/2022\/09\/tcip-new-logo-2.png\",\"width\":2377,\"height\":911,\"caption\":\"TCI PARTNERS LATAM SAS\"},\"image\":{\"@id\":\"https:\/\/tcipartnerslatam.com\/#\/schema\/logo\/image\/\"}}]}<\/script>\n<!-- \/ Yoast SEO plugin. -->","yoast_head_json":{"title":"Community of diversity and empathy in data protection law","description":"We promote diversity , equality of opportunity, and respect of others. We believe in the importance of empathy and humanity workplace","robots":{"index":"index","follow":"follow","max-snippet":"max-snippet:-1","max-image-preview":"max-image-preview:large","max-video-preview":"max-video-preview:-1"},"canonical":"https:\/\/tcipartnerslatam.com\/es\/community\/","og_locale":"es_ES","og_type":"article","og_title":"Community of diversity and empathy in data protection law","og_description":"We promote diversity , equality of opportunity, and respect of others. We believe in the importance of empathy and humanity workplace","og_url":"https:\/\/tcipartnerslatam.com\/es\/community\/","og_site_name":"Technology, Corporate and Intellectual Property Law Firm","article_modified_time":"2023-03-07T11:18:17+00:00","og_image":[{"width":783,"height":300,"url":"https:\/\/tcipartnerslatam.com\/wp-content\/uploads\/2022\/09\/tcip-new-logo-2-e1676457656819.png","type":"image\/png"}],"twitter_card":"summary_large_image","twitter_misc":{"Tiempo de lectura":"2 minutos"},"schema":{"@context":"https:\/\/schema.org","@graph":[{"@type":"WebPage","@id":"https:\/\/tcipartnerslatam.com\/es\/community\/","url":"https:\/\/tcipartnerslatam.com\/es\/community\/","name":"Community of diversity and empathy in data protection law","isPartOf":{"@id":"https:\/\/tcipartnerslatam.com\/#website"},"datePublished":"2022-09-28T12:50:10+00:00","dateModified":"2023-03-07T11:18:17+00:00","description":"We promote diversity , equality of opportunity, and respect of others. We believe in the importance of empathy and humanity workplace","breadcrumb":{"@id":"https:\/\/tcipartnerslatam.com\/es\/community\/#breadcrumb"},"inLanguage":"es","potentialAction":[{"@type":"ReadAction","target":["https:\/\/tcipartnerslatam.com\/es\/community\/"]}]},{"@type":"BreadcrumbList","@id":"https:\/\/tcipartnerslatam.com\/es\/community\/#breadcrumb","itemListElement":[{"@type":"ListItem","position":1,"name":"Inicio","item":"https:\/\/tcipartnerslatam.com\/"},{"@type":"ListItem","position":2,"name":"Community"}]},{"@type":"WebSite","@id":"https:\/\/tcipartnerslatam.com\/#website","url":"https:\/\/tcipartnerslatam.com\/","name":"Technology, Corporate and Intellectual Property Law Firm","description":"Technology, Corporate and Intellectual Property Law Firm","publisher":{"@id":"https:\/\/tcipartnerslatam.com\/#organization"},"alternateName":"Technology, Corporate & Intellectual Property Law Firm in Colombia and Latinamerica","potentialAction":[{"@type":"SearchAction","target":{"@type":"EntryPoint","urlTemplate":"https:\/\/tcipartnerslatam.com\/?s={search_term_string}"},"query-input":{"@type":"PropertyValueSpecification","valueRequired":true,"valueName":"search_term_string"}}],"inLanguage":"es"},{"@type":"Organization","@id":"https:\/\/tcipartnerslatam.com\/#organization","name":"TCI PARTNERS LATAM SAS","url":"https:\/\/tcipartnerslatam.com\/","logo":{"@type":"ImageObject","inLanguage":"es","@id":"https:\/\/tcipartnerslatam.com\/#\/schema\/logo\/image\/","url":"https:\/\/tcipartnerslatam.com\/wp-content\/uploads\/2022\/09\/tcip-new-logo-2.png","contentUrl":"https:\/\/tcipartnerslatam.com\/wp-content\/uploads\/2022\/09\/tcip-new-logo-2.png","width":2377,"height":911,"caption":"TCI PARTNERS LATAM SAS"},"image":{"@id":"https:\/\/tcipartnerslatam.com\/#\/schema\/logo\/image\/"}}]}},"_links":{"self":[{"href":"https:\/\/tcipartnerslatam.com\/es\/wp-json\/wp\/v2\/pages\/682","targetHints":{"allow":["GET"]}}],"collection":[{"href":"https:\/\/tcipartnerslatam.com\/es\/wp-json\/wp\/v2\/pages"}],"about":[{"href":"https:\/\/tcipartnerslatam.com\/es\/wp-json\/wp\/v2\/types\/page"}],"author":[{"embeddable":true,"href":"https:\/\/tcipartnerslatam.com\/es\/wp-json\/wp\/v2\/users\/1"}],"replies":[{"embeddable":true,"href":"https:\/\/tcipartnerslatam.com\/es\/wp-json\/wp\/v2\/comments?post=682"}],"version-history":[{"count":120,"href":"https:\/\/tcipartnerslatam.com\/es\/wp-json\/wp\/v2\/pages\/682\/revisions"}],"predecessor-version":[{"id":5075,"href":"https:\/\/tcipartnerslatam.com\/es\/wp-json\/wp\/v2\/pages\/682\/revisions\/5075"}],"wp:attachment":[{"href":"https:\/\/tcipartnerslatam.com\/es\/wp-json\/wp\/v2\/media?parent=682"}],"curies":[{"name":"wp","href":"https:\/\/api.w.org\/{rel}","templated":true}]}}